{"id":24062,"date":"2022-05-03T14:19:33","date_gmt":"2022-05-03T14:19:33","guid":{"rendered":"https:\/\/www.azaharbeach.com\/error-404\/"},"modified":"2023-08-11T10:37:37","modified_gmt":"2023-08-11T10:37:37","slug":"error-404","status":"publish","type":"page","link":"https:\/\/www.azaharbeach.com\/en\/error-404\/","title":{"rendered":"Error 404"},"content":{"rendered":"<p>[et_pb_section fb_built=&#8221;1&#8243; custom_padding_last_edited=&#8221;on|desktop&#8221; admin_label=&#8221;Header&#8221; _builder_version=&#8221;4.17.2&#8243; background_color=&#8221;rgba(82,83,84,0.2)&#8221; background_image=&#8221;https:\/\/www.azaharbeach.com\/wp-content\/uploads\/2022\/05\/Servicios_AzaharGarden.jpg&#8221; background_blend=&#8221;multiply&#8221; width=&#8221;100%&#8221; module_alignment=&#8221;center&#8221; custom_padding=&#8221;280px|0px|60px|0px|false|false&#8221; custom_padding_tablet=&#8221;80px||80px||true|false&#8221; custom_padding_phone=&#8221;60px||60px||true|false&#8221; bottom_divider_flip=&#8221;vertical&#8221; locked=&#8221;off&#8221; global_colors_info=&#8221;{}&#8221; da_is_popup=&#8221;off&#8221; da_exit_intent=&#8221;off&#8221; da_has_close=&#8221;on&#8221; da_alt_close=&#8221;off&#8221; da_dark_close=&#8221;off&#8221; da_not_modal=&#8221;on&#8221; da_is_singular=&#8221;off&#8221; da_with_loader=&#8221;off&#8221; da_has_shadow=&#8221;on&#8221; da_disable_devices=&#8221;off|off|off&#8221;][et_pb_row _builder_version=&#8221;4.16&#8243; _module_preset=&#8221;default&#8221; locked=&#8221;off&#8221; global_colors_info=&#8221;{}&#8221;][et_pb_column type=&#8221;4_4&#8243; _builder_version=&#8221;4.16&#8243; _module_preset=&#8221;default&#8221; global_colors_info=&#8221;{}&#8221;][et_pb_text _builder_version=&#8221;4.18.0&#8243; _module_preset=&#8221;default&#8221; text_font=&#8221;Merriweather||||||||&#8221; text_text_color=&#8221;#FBC508&#8243; text_font_size=&#8221;42px&#8221; header_font=&#8221;|700|||||||&#8221; header_text_align=&#8221;left&#8221; header_text_color=&#8221;#FFFFFF&#8221; header_font_size=&#8221;54px&#8221; header_letter_spacing=&#8221;-3px&#8221; text_orientation=&#8221;center&#8221; custom_margin=&#8221;||15px||false|false&#8221; custom_padding=&#8221;60px||||false|false&#8221; hover_enabled=&#8221;0&#8243; header_font_size_tablet=&#8221;32px&#8221; header_font_size_phone=&#8221;32px&#8221; header_font_size_last_edited=&#8221;on|phone&#8221; global_colors_info=&#8221;{}&#8221; sticky_enabled=&#8221;0&#8243;]<\/p>\n<h1>Page not found<\/h1>\n<p>[\/et_pb_text][\/et_pb_column][\/et_pb_row][\/et_pb_section][et_pb_section fb_built=&#8221;1&#8243; custom_padding_last_edited=&#8221;on|tablet&#8221; _builder_version=&#8221;4.17.2&#8243; _module_preset=&#8221;default&#8221; width=&#8221;100%&#8221; module_alignment=&#8221;center&#8221; custom_padding=&#8221;120px||120px||true|false&#8221; custom_padding_tablet=&#8221;80px||80px||false|false&#8221; custom_padding_phone=&#8221;80px||80px||false|false&#8221; locked=&#8221;off&#8221; global_colors_info=&#8221;{}&#8221; da_is_popup=&#8221;off&#8221; da_exit_intent=&#8221;off&#8221; da_has_close=&#8221;on&#8221; da_alt_close=&#8221;off&#8221; da_dark_close=&#8221;off&#8221; da_not_modal=&#8221;on&#8221; da_is_singular=&#8221;off&#8221; da_with_loader=&#8221;off&#8221; da_has_shadow=&#8221;on&#8221; da_disable_devices=&#8221;off|off|off&#8221;][et_pb_row disabled_on=&#8221;off|off|off&#8221; _builder_version=&#8221;4.17.2&#8243; _module_preset=&#8221;default&#8221; module_alignment=&#8221;center&#8221; custom_margin=&#8221;0px||0px||false|false&#8221; custom_padding=&#8221;0px||0px||false|false&#8221; global_colors_info=&#8221;{}&#8221;][et_pb_column type=&#8221;4_4&#8243; _builder_version=&#8221;4.17.2&#8243; _module_preset=&#8221;default&#8221; global_colors_info=&#8221;{}&#8221;][et_pb_text _builder_version=&#8221;4.17.2&#8243; _module_preset=&#8221;default&#8221; header_3_font=&#8221;Poppins|||on|||||&#8221; header_3_text_color=&#8221;#009FE3&#8243; header_3_font_size=&#8221;16px&#8221; header_3_letter_spacing=&#8221;2px&#8221; custom_margin=&#8221;20px||20px||true|false&#8221; header_3_font_size_tablet=&#8221;16px&#8221; header_3_font_size_phone=&#8221;14px&#8221; header_3_font_size_last_edited=&#8221;on|phone&#8221; global_colors_info=&#8221;{}&#8221;]<\/p>\n<h3 class=\"heading__primary\" style=\"text-align: left;\">ERROR 404<\/h3>\n<p>[\/et_pb_text][et_pb_text _builder_version=&#8221;4.18.0&#8243; _module_preset=&#8221;default&#8221; text_font=&#8221;|300|||||||&#8221; text_text_color=&#8221;#525354&#8243; text_font_size=&#8221;22px&#8221; text_letter_spacing=&#8221;-0.5px&#8221; text_line_height=&#8221;1.4em&#8221; module_alignment=&#8221;center&#8221; hover_enabled=&#8221;0&#8243; text_font_size_tablet=&#8221;22px&#8221; text_font_size_phone=&#8221;18px&#8221; text_font_size_last_edited=&#8221;on|phone&#8221; global_colors_info=&#8221;{}&#8221; sticky_enabled=&#8221;0&#8243;]<\/p>\n<p style=\"text-align: left;\"><span><strong>Oops!<\/strong> We have not found <\/span><span>the page you were looking for. You can contact us if you need help.<br \/>Or go back to the home page to find the flat you were looking for.<\/span><\/p>\n<p>[\/et_pb_text][et_pb_button button_url=&#8221;https:\/\/www.azaharbeach.com\/en\/&#8221; button_text=&#8221;BACK TO HOME PAGE&#8221; button_alignment=&#8221;left&#8221; _builder_version=&#8221;4.17.2&#8243; custom_button=&#8221;on&#8221; button_text_size=&#8221;13px&#8221; button_text_color=&#8221;#ffffff&#8221; button_bg_color=&#8221;#009FE3&#8243; button_border_width=&#8221;2px&#8221; button_border_color=&#8221;RGBA(255,255,255,0)&#8221; button_border_radius=&#8221;0px&#8221; button_letter_spacing=&#8221;2px&#8221; button_font=&#8221;Poppins|||on|||||&#8221; button_use_icon=&#8221;off&#8221; custom_margin=&#8221;28px|||0px&#8221; custom_padding=&#8221;14px|38px|14px|38px|true|true&#8221; locked=&#8221;off&#8221; global_colors_info=&#8221;{}&#8221; button_text_color__hover_enabled=&#8221;on|desktop&#8221; button_text_color__hover=&#8221;#009FE3&#8243; button_bg_color__hover_enabled=&#8221;on|hover&#8221; button_bg_color__hover=&#8221;RGBA(255,255,255,0)&#8221; button_bg_enable_color__hover=&#8221;on&#8221; button_border_color__hover_enabled=&#8221;on&#8221; button_border_color__hover=&#8221;#009FE3&#8243; box_shadow_color__hover_enabled=&#8221;on&#8221; box_shadow_color__hover=&#8221;rgba(122,142,154,0.66)&#8221; button_border_width__hover_enabled=&#8221;on|hover&#8221; button_border_width__hover=&#8221;2px&#8221;][\/et_pb_button][\/et_pb_column][\/et_pb_row][\/et_pb_section][et_pb_section fb_built=&#8221;1&#8243; _builder_version=&#8221;4.17.2&#8243; _module_preset=&#8221;default&#8221; custom_margin=&#8221;0px||0px||false|false&#8221; custom_padding=&#8221;0px||0px||false|false&#8221; locked=&#8221;off&#8221; collapsed=&#8221;on&#8221; global_colors_info=&#8221;{}&#8221; da_is_popup=&#8221;off&#8221; da_exit_intent=&#8221;off&#8221; da_has_close=&#8221;on&#8221; da_alt_close=&#8221;off&#8221; da_dark_close=&#8221;off&#8221; da_not_modal=&#8221;on&#8221; da_is_singular=&#8221;off&#8221; da_with_loader=&#8221;off&#8221; da_has_shadow=&#8221;on&#8221; da_disable_devices=&#8221;off|off|off&#8221;][et_pb_row _builder_version=&#8221;4.17.2&#8243; _module_preset=&#8221;default&#8221; width=&#8221;100%&#8221; custom_padding=&#8221;0px||0px||false|false&#8221; global_colors_info=&#8221;{}&#8221;][et_pb_column type=&#8221;4_4&#8243; _builder_version=&#8221;4.17.2&#8243; _module_preset=&#8221;default&#8221; global_colors_info=&#8221;{}&#8221;][et_pb_divider color=&#8221;rgba(82,83,84,0.3)&#8221; _builder_version=&#8221;4.17.2&#8243; _module_preset=&#8221;default&#8221; global_colors_info=&#8221;{}&#8221;][\/et_pb_divider][\/et_pb_column][\/et_pb_row][\/et_pb_section][et_pb_section fb_built=&#8221;1&#8243; _builder_version=&#8221;4.18.0&#8243; _module_preset=&#8221;default&#8221; background_color=&#8221;#FFFFFF&#8221; width=&#8221;100%&#8221; module_alignment=&#8221;center&#8221; custom_margin=&#8221;0px||0px||true|false&#8221; custom_padding=&#8221;35px||35px||true|false&#8221; da_disable_devices=&#8221;off|off|off&#8221; border_radii=&#8221;on|20px|20px|20px|20px&#8221; border_width_top=&#8221;1px&#8221; border_color_top=&#8221;#00a3da&#8221; global_module=&#8221;1677&#8243; saved_tabs=&#8221;all&#8221; locked=&#8221;off&#8221; global_colors_info=&#8221;{}&#8221; da_is_popup=&#8221;off&#8221; da_exit_intent=&#8221;off&#8221; da_has_close=&#8221;on&#8221; da_alt_close=&#8221;off&#8221; da_dark_close=&#8221;off&#8221; da_not_modal=&#8221;on&#8221; da_is_singular=&#8221;off&#8221; da_with_loader=&#8221;off&#8221; da_has_shadow=&#8221;on&#8221;][et_pb_row column_structure=&#8221;1_4,1_4,1_4,1_4&#8243; use_custom_gutter=&#8221;on&#8221; gutter_width=&#8221;2&#8243; _builder_version=&#8221;4.18.0&#8243; _module_preset=&#8221;default&#8221; global_colors_info=&#8221;{}&#8221;][et_pb_column type=&#8221;1_4&#8243; _builder_version=&#8221;4.18.0&#8243; _module_preset=&#8221;default&#8221; global_colors_info=&#8221;{}&#8221;][et_pb_text _builder_version=&#8221;4.18.0&#8243; _module_preset=&#8221;default&#8221; text_font=&#8221;Poppins||||||||&#8221; text_text_color=&#8221;#009FE3&#8243; text_letter_spacing=&#8221;2px&#8221; text_line_height=&#8221;1.6em&#8221; custom_margin=&#8221;||||false|false&#8221; global_colors_info=&#8221;{}&#8221;]<\/p>\n<p>USEFUL LINKS<\/p>\n<p>[\/et_pb_text][et_pb_text _builder_version=&#8221;4.18.0&#8243; _module_preset=&#8221;default&#8221; text_font=&#8221;Poppins|300|||||||&#8221; text_text_color=&#8221;#525354&#8243; text_font_size=&#8221;16px&#8221; text_line_height=&#8221;1.6em&#8221; link_text_color=&#8221;#525354&#8243; custom_margin=&#8221;||||false|false&#8221; global_colors_info=&#8221;{}&#8221; link_text_color__hover_enabled=&#8221;on|hover&#8221; link_text_color__hover=&#8221;#009FE3&#8243;]<\/p>\n<p><a href=\"https:\/\/www.azaharbeach.com\/en\/apartments\/\">Apartments<\/a><br \/><a href=\"https:\/\/www.azaharbeach.com\/en\/services\/\">Facilities<\/a><br \/><a href=\"https:\/\/www.azaharbeach.com\/en\/destination\/\">Destiny<\/a><br \/><a href=\"https:\/\/www.azaharbeach.com\/en\/offers\/\">Promotions<\/a><br \/><a href=\"https:\/\/www.azaharbeach.com\/en\/contact\/\">Contact<\/a><\/p>\n<p>[\/et_pb_text][\/et_pb_column][et_pb_column type=&#8221;1_4&#8243; _builder_version=&#8221;4.18.0&#8243; _module_preset=&#8221;default&#8221; global_colors_info=&#8221;{}&#8221;][et_pb_text _builder_version=&#8221;4.17.2&#8243; _module_preset=&#8221;default&#8221; text_font=&#8221;Poppins||||||||&#8221; text_text_color=&#8221;#009FE3&#8243; text_letter_spacing=&#8221;2px&#8221; text_line_height=&#8221;1.6em&#8221; custom_margin=&#8221;||||false|false&#8221; global_colors_info=&#8221;{}&#8221;]<\/p>\n<p>CONTACT<\/p>\n<p>[\/et_pb_text][et_pb_text _builder_version=&#8221;4.17.2&#8243; _module_preset=&#8221;default&#8221; text_font=&#8221;Poppins|300|||||||&#8221; text_text_color=&#8221;#525354&#8243; text_font_size=&#8221;16px&#8221; text_line_height=&#8221;1.4em&#8221; link_text_color=&#8221;#FFFFFF&#8221; link_line_height=&#8221;1.3em&#8221; custom_margin=&#8221;||10px||false|false&#8221; global_colors_info=&#8221;{}&#8221;]<\/p>\n<p>Carrer dels Murs, 4<br \/>Alcossebre 12579 Castell\u00f3n, <span>Espa\u00f1a<\/span><\/p>\n<p>[\/et_pb_text][et_pb_text _builder_version=&#8221;4.18.0&#8243; _module_preset=&#8221;default&#8221; text_font=&#8221;Poppins|700|||||||&#8221; text_text_color=&#8221;#525354&#8243; text_font_size=&#8221;22px&#8221; text_line_height=&#8221;1.4em&#8221; link_font=&#8221;|300|||||||&#8221; link_text_color=&#8221;#009FE3&#8243; link_font_size=&#8221;13px&#8221; link_line_height=&#8221;1.3em&#8221; custom_margin=&#8221;||0px||false|false&#8221; custom_padding=&#8221;||0px||false|false&#8221; global_colors_info=&#8221;{}&#8221;]<\/p>\n<p><a href=\"Tel:+34964107848\">+34 <span>964 107 848<\/span><\/a><\/p>\n<p>[\/et_pb_text][et_pb_text _builder_version=&#8221;4.18.0&#8243; _module_preset=&#8221;default&#8221; text_font=&#8221;Poppins|700|||||||&#8221; text_text_color=&#8221;#525354&#8243; text_font_size=&#8221;22px&#8221; text_line_height=&#8221;1.4em&#8221; link_font=&#8221;|300|||||||&#8221; link_text_color=&#8221;#009FE3&#8243; link_font_size=&#8221;13px&#8221; link_line_height=&#8221;1.3em&#8221; custom_margin=&#8221;||0px||false|false&#8221; custom_padding=&#8221;||0px||false|false&#8221; global_colors_info=&#8221;{}&#8221;]<\/p>\n<p><a href=\"mailto:info@azaharbeach.com\"><span>info@azaharbeach.com<\/span><\/a><\/p>\n<p>[\/et_pb_text][\/et_pb_column][et_pb_column type=&#8221;1_4&#8243; _builder_version=&#8221;4.18.0&#8243; _module_preset=&#8221;default&#8221; global_colors_info=&#8221;{}&#8221;][et_pb_text _builder_version=&#8221;4.18.0&#8243; _module_preset=&#8221;default&#8221; text_font=&#8221;Poppins||||||||&#8221; text_text_color=&#8221;#009FE3&#8243; text_letter_spacing=&#8221;2px&#8221; text_line_height=&#8221;1.6em&#8221; custom_margin=&#8221;||||false|false&#8221; global_colors_info=&#8221;{}&#8221;]<\/p>\n<p>OPENING HOURS<\/p>\n<p>[\/et_pb_text][et_pb_text _builder_version=&#8221;4.17.2&#8243; _module_preset=&#8221;default&#8221; text_font=&#8221;Poppins|300|||||||&#8221; text_text_color=&#8221;#525354&#8243; text_font_size=&#8221;16px&#8221; text_line_height=&#8221;1.6em&#8221; link_text_color=&#8221;#525354&#8243; custom_margin=&#8221;||15px||false|false&#8221; global_colors_info=&#8221;{}&#8221; link_text_color__hover_enabled=&#8221;on|hover&#8221; link_text_color__hover=&#8221;#009FE3&#8243;]<\/p>\n<p>Open all year.<\/p>\n<p>[\/et_pb_text][et_pb_text _builder_version=&#8221;4.17.2&#8243; _module_preset=&#8221;default&#8221; text_font=&#8221;Poppins|||on|||||&#8221; text_text_color=&#8221;#009FE3&#8243; text_letter_spacing=&#8221;2px&#8221; text_line_height=&#8221;1.6em&#8221; custom_margin=&#8221;||15px||false|false&#8221; global_colors_info=&#8221;{}&#8221;]<\/p>\n<p><span>FOLLOW US<\/span><span> <\/span><\/p>\n<p>[\/et_pb_text][et_pb_social_media_follow _builder_version=&#8221;4.18.0&#8243; _module_preset=&#8221;default&#8221; global_colors_info=&#8221;{}&#8221;][et_pb_social_media_follow_network social_network=&#8221;instagram&#8221; url=&#8221;https:\/\/www.instagram.com\/alcossebre_azaharbeach\/&#8221; use_icon_font_size=&#8221;on&#8221; icon_font_size=&#8221;22px&#8221; _builder_version=&#8221;4.18.0&#8243; _module_preset=&#8221;default&#8221; background_color=&#8221;#00a3da&#8221; background_enable_color=&#8221;on&#8221; border_radii=&#8221;on|50px|50px|50px|50px&#8221; global_colors_info=&#8221;{}&#8221; background__hover_enabled=&#8221;on|hover&#8221; background_color__hover=&#8221;#cc9933&#8243; background_enable_color__hover=&#8221;on&#8221; follow_button=&#8221;off&#8221; url_new_window=&#8221;on&#8221;]instagram[\/et_pb_social_media_follow_network][\/et_pb_social_media_follow][\/et_pb_column][et_pb_column type=&#8221;1_4&#8243; _builder_version=&#8221;4.18.0&#8243; _module_preset=&#8221;default&#8221; global_colors_info=&#8221;{}&#8221;][et_pb_image src=&#8221;https:\/\/www.azaharbeach.com\/wp-content\/uploads\/2023\/03\/NUEVO-LOGO-2.png&#8221; title_text=&#8221;NEW LOGO&#8221; align=&#8221;center&#8221; disabled_on=&#8221;on|on|off&#8221; _builder_version=&#8221;4.18.0&#8243; _module_preset=&#8221;default&#8221; width=&#8221;80%&#8221; custom_margin=&#8221;||||false|false&#8221; mix_blend_mode=&#8221;multiply&#8221; global_colors_info=&#8221;{}&#8221;][\/et_pb_image][\/et_pb_column][\/et_pb_row][et_pb_row _builder_version=&#8221;4.18.0&#8243; _module_preset=&#8221;default&#8221; global_colors_info=&#8221;{}&#8221;][et_pb_column type=&#8221;4_4&#8243; _builder_version=&#8221;4.18.0&#8243; _module_preset=&#8221;default&#8221; global_colors_info=&#8221;{}&#8221;][et_pb_text _builder_version=&#8221;4.18.0&#8243; _module_preset=&#8221;default&#8221; custom_margin=&#8221;||1px||false|false&#8221; global_colors_info=&#8221;{}&#8221;]<\/p>\n<p style=\"text-align: center;\">Establishment affiliated to <strong>Castell\u00f3n Cycling<\/strong><\/p>\n<p>[\/et_pb_text][et_pb_image src=&#8221;https:\/\/www.azaharbeach.com\/wp-content\/uploads\/2023\/03\/Castellon_Cycling__1_-removebg-preview.png&#8221; title_text=&#8221;Castellon_Cycling__1_-removebg-preview&#8221; url=&#8221;https:\/\/www.turismodecastellon.com\/va\/que-hacer\/rutaCicloturismo&#8221; url_new_window=&#8221;on&#8221; align=&#8221;center&#8221; _builder_version=&#8221;4.18.0&#8243; _module_preset=&#8221;default&#8221; width=&#8221;40%&#8221; global_colors_info=&#8221;{}&#8221;][\/et_pb_image][\/et_pb_column][\/et_pb_row][\/et_pb_section]<\/p>\n","protected":false},"excerpt":{"rendered":"<p>Page not foundERROR 404Oops! We have not found the page you were looking for. You can contact us if you need help.Or go back to the home page to find the flat you were looking for.USEFUL LINKSApartmentsFacilitiesDestinyPromotionsContactCONTACTCarrer dels Murs, 4Alcossebre 12579 Castell\u00f3n, Espa\u00f1a+34 964 107 848info@azaharbeach.comOPENING HOURSOpen all year.FOLLOW US Establishment affiliated to Castell\u00f3n Cycling<\/p>\n","protected":false},"author":1,"featured_media":0,"parent":0,"menu_order":0,"comment_status":"closed","ping_status":"closed","template":"","meta":{"_et_pb_use_builder":"on","_et_pb_old_content":"","_et_gb_content_width":"","footnotes":""},"class_list":["post-24062","page","type-page","status-publish","hentry"],"yoast_head":"<!-- This site is optimized with the Yoast SEO plugin v27.4 - https:\/\/yoast.com\/product\/yoast-seo-wordpress\/ -->\n<title>Error 404 | Azahar Beach Apartments<\/title>\n<meta name=\"robots\" content=\"index, follow, max-snippet:-1, max-image-preview:large, max-video-preview:-1\" \/>\n<link rel=\"canonical\" href=\"https:\/\/www.azaharbeach.com\/en\/error-404\/\" \/>\n<meta property=\"og:locale\" content=\"en_US\" \/>\n<meta property=\"og:type\" content=\"article\" \/>\n<meta property=\"og:title\" content=\"Error 404 | Azahar Beach Apartments\" \/>\n<meta property=\"og:description\" content=\"Page not foundERROR 404Oops! We have not found the page you were looking for. You can contact us if you need help.Or go back to the home page to find the flat you were looking for.USEFUL LINKSApartmentsFacilitiesDestinyPromotionsContactCONTACTCarrer dels Murs, 4Alcossebre 12579 Castell\u00f3n, Espa\u00f1a+34 964 107 848info@azaharbeach.comOPENING HOURSOpen all year.FOLLOW US Establishment affiliated to Castell\u00f3n Cycling\" \/>\n<meta property=\"og:url\" content=\"https:\/\/www.azaharbeach.com\/en\/error-404\/\" \/>\n<meta property=\"og:site_name\" content=\"Azahar Beach Apartments\" \/>\n<meta property=\"article:modified_time\" content=\"2023-08-11T10:37:37+00:00\" \/>\n<meta name=\"twitter:card\" content=\"summary_large_image\" \/>\n<meta name=\"twitter:label1\" content=\"Est. reading time\" \/>\n\t<meta name=\"twitter:data1\" content=\"8 minutes\" \/>\n<script type=\"application\/ld+json\" class=\"yoast-schema-graph\">{\"@context\":\"https:\\\/\\\/schema.org\",\"@graph\":[{\"@type\":\"WebPage\",\"@id\":\"https:\\\/\\\/www.azaharbeach.com\\\/en\\\/error-404\\\/\",\"url\":\"https:\\\/\\\/www.azaharbeach.com\\\/en\\\/error-404\\\/\",\"name\":\"Error 404 | Azahar Beach Apartments\",\"isPartOf\":{\"@id\":\"https:\\\/\\\/www.azaharbeach.com\\\/#website\"},\"datePublished\":\"2022-05-03T14:19:33+00:00\",\"dateModified\":\"2023-08-11T10:37:37+00:00\",\"breadcrumb\":{\"@id\":\"https:\\\/\\\/www.azaharbeach.com\\\/en\\\/error-404\\\/#breadcrumb\"},\"inLanguage\":\"en-US\",\"potentialAction\":[{\"@type\":\"ReadAction\",\"target\":[\"https:\\\/\\\/www.azaharbeach.com\\\/en\\\/error-404\\\/\"]}]},{\"@type\":\"BreadcrumbList\",\"@id\":\"https:\\\/\\\/www.azaharbeach.com\\\/en\\\/error-404\\\/#breadcrumb\",\"itemListElement\":[{\"@type\":\"ListItem\",\"position\":1,\"name\":\"Portada\",\"item\":\"https:\\\/\\\/www.azaharbeach.com\\\/en\\\/home\\\/\"},{\"@type\":\"ListItem\",\"position\":2,\"name\":\"Error 404\"}]},{\"@type\":\"WebSite\",\"@id\":\"https:\\\/\\\/www.azaharbeach.com\\\/#website\",\"url\":\"https:\\\/\\\/www.azaharbeach.com\\\/\",\"name\":\"Azahar Beach Apartments\",\"description\":\"Premium Flat en Alcocebre\",\"potentialAction\":[{\"@type\":\"SearchAction\",\"target\":{\"@type\":\"EntryPoint\",\"urlTemplate\":\"https:\\\/\\\/www.azaharbeach.com\\\/?s={search_term_string}\"},\"query-input\":{\"@type\":\"PropertyValueSpecification\",\"valueRequired\":true,\"valueName\":\"search_term_string\"}}],\"inLanguage\":\"en-US\"}]}<\/script>\n<!-- \/ Yoast SEO plugin. -->","yoast_head_json":{"title":"Error 404 | Azahar Beach Apartments","robots":{"index":"index","follow":"follow","max-snippet":"max-snippet:-1","max-image-preview":"max-image-preview:large","max-video-preview":"max-video-preview:-1"},"canonical":"https:\/\/www.azaharbeach.com\/en\/error-404\/","og_locale":"en_US","og_type":"article","og_title":"Error 404 | Azahar Beach Apartments","og_description":"Page not foundERROR 404Oops! We have not found the page you were looking for. You can contact us if you need help.Or go back to the home page to find the flat you were looking for.USEFUL LINKSApartmentsFacilitiesDestinyPromotionsContactCONTACTCarrer dels Murs, 4Alcossebre 12579 Castell\u00f3n, Espa\u00f1a+34 964 107 848info@azaharbeach.comOPENING HOURSOpen all year.FOLLOW US Establishment affiliated to Castell\u00f3n Cycling","og_url":"https:\/\/www.azaharbeach.com\/en\/error-404\/","og_site_name":"Azahar Beach Apartments","article_modified_time":"2023-08-11T10:37:37+00:00","twitter_card":"summary_large_image","twitter_misc":{"Est. reading time":"8 minutes"},"schema":{"@context":"https:\/\/schema.org","@graph":[{"@type":"WebPage","@id":"https:\/\/www.azaharbeach.com\/en\/error-404\/","url":"https:\/\/www.azaharbeach.com\/en\/error-404\/","name":"Error 404 | Azahar Beach Apartments","isPartOf":{"@id":"https:\/\/www.azaharbeach.com\/#website"},"datePublished":"2022-05-03T14:19:33+00:00","dateModified":"2023-08-11T10:37:37+00:00","breadcrumb":{"@id":"https:\/\/www.azaharbeach.com\/en\/error-404\/#breadcrumb"},"inLanguage":"en-US","potentialAction":[{"@type":"ReadAction","target":["https:\/\/www.azaharbeach.com\/en\/error-404\/"]}]},{"@type":"BreadcrumbList","@id":"https:\/\/www.azaharbeach.com\/en\/error-404\/#breadcrumb","itemListElement":[{"@type":"ListItem","position":1,"name":"Portada","item":"https:\/\/www.azaharbeach.com\/en\/home\/"},{"@type":"ListItem","position":2,"name":"Error 404"}]},{"@type":"WebSite","@id":"https:\/\/www.azaharbeach.com\/#website","url":"https:\/\/www.azaharbeach.com\/","name":"Azahar Beach Apartments","description":"Premium Flat en Alcocebre","potentialAction":[{"@type":"SearchAction","target":{"@type":"EntryPoint","urlTemplate":"https:\/\/www.azaharbeach.com\/?s={search_term_string}"},"query-input":{"@type":"PropertyValueSpecification","valueRequired":true,"valueName":"search_term_string"}}],"inLanguage":"en-US"}]}},"_links":{"self":[{"href":"https:\/\/www.azaharbeach.com\/en\/wp-json\/wp\/v2\/pages\/24062","targetHints":{"allow":["GET"]}}],"collection":[{"href":"https:\/\/www.azaharbeach.com\/en\/wp-json\/wp\/v2\/pages"}],"about":[{"href":"https:\/\/www.azaharbeach.com\/en\/wp-json\/wp\/v2\/types\/page"}],"author":[{"embeddable":true,"href":"https:\/\/www.azaharbeach.com\/en\/wp-json\/wp\/v2\/users\/1"}],"replies":[{"embeddable":true,"href":"https:\/\/www.azaharbeach.com\/en\/wp-json\/wp\/v2\/comments?post=24062"}],"version-history":[{"count":4,"href":"https:\/\/www.azaharbeach.com\/en\/wp-json\/wp\/v2\/pages\/24062\/revisions"}],"predecessor-version":[{"id":25436,"href":"https:\/\/www.azaharbeach.com\/en\/wp-json\/wp\/v2\/pages\/24062\/revisions\/25436"}],"wp:attachment":[{"href":"https:\/\/www.azaharbeach.com\/en\/wp-json\/wp\/v2\/media?parent=24062"}],"curies":[{"name":"wp","href":"https:\/\/api.w.org\/{rel}","templated":true}]}}